{"id":192,"date":"2019-11-08T17:32:11","date_gmt":"2019-11-08T17:32:11","guid":{"rendered":"http:\/\/hausaerzteinburtscheid.de\/?page_id=192"},"modified":"2020-01-06T21:19:02","modified_gmt":"2020-01-06T21:19:02","slug":"impressum","status":"publish","type":"page","link":"https:\/\/hausaerzteinburtscheid.de\/?page_id=192","title":{"rendered":"Impressum"},"content":{"rendered":"\n<h2 class=\"wp-block-heading\">Impressum<\/h2>\n\n\n\n<p>Anna Katharina Weghmann-Laschet<br>Florian Matthias Schierp&nbsp;<\/p>\n\n\n\n<p>Kapellenstra\u00dfe 16-18<br>Telefon: 0241\/67833<br>Fax: 0241\/65679<br>E-Mail:&nbsp;info@hausaerzteburtscheid.com<\/p>\n\n\n\n<h4 class=\"wp-block-heading\"><strong>Berufsbezeichnungen<\/strong><\/h4>\n\n\n\n<p><strong>Anna Katharina Weghmann-Laschet<\/strong><br>Berufsbezeichnung:<br>Fach\u00e4rztin f\u00fcr Allgemeinmedizin (verliehen in der Bundesrepublik Deutschland)<\/p>\n\n\n\n<p><strong>Florian Matthias Schierp&nbsp;<\/strong><br>Berufsbezeichnung:<br>Facharzt f\u00fcr innere Medizin (verliehen in der Bundesrepublik Deutschland)<\/p>\n\n\n\n<h4 class=\"wp-block-heading\">Zust\u00e4ndige Aufsichtsbeh\u00f6rde:<\/h4>\n\n\n\n<p>Kassen\u00e4rztliche Vereinigung Nordrhein<br>Tersteegenstra\u00dfe 9<br>40474 , D\u00fcsseldorf<br><a href=\"http:\/\/www.kvno.de\">http:\/\/www.kvno.de<\/a><\/p>\n\n\n\n<h4 class=\"wp-block-heading\"><strong>Zust\u00e4ndige Kammer:<\/strong><\/h4>\n\n\n\n<p>\u00c4rztekammer Nordrhein<br>Tersteegenstr. 9, 40474 , D\u00fcsseldorf<br><a href=\"http:\/\/www.aekno.de\">http:\/\/www.aekno.de<\/a><\/p>\n\n\n\n<h4 class=\"wp-block-heading\"><strong>Berufsrechtliche Regelungen:<\/strong><\/h4>\n\n\n\n<p>Berufsordnung f\u00fcr die nordrheinischen \u00c4rztinnen und \u00c4rzte<br>Heilberufsgesetz NRW&nbsp;<br><a href=\"http:\/\/www.aekno.de\">http:\/\/www.aekno.de<\/a><\/p>\n\n\n\n<h4 class=\"wp-block-heading\"><strong>Berufshaftpflicht:<\/strong><\/h4>\n\n\n\n<p>HDI Versicherung AG<br>HDI Platz 1<br>30659 Hannover\u00a0<br>Geltungsbereich: Deutschland<\/p>\n\n\n\n<p>Umsatzsteuer-Identifikationsnummer: ist beantragt.<\/p>\n\n\n\n<p><strong>HINWEIS AUF STREITBEILEGUNGSPLATTFORM DER EU UND HINWEIS NACH VSBG<\/strong><br>Die Europ\u00e4ische Kommission stellt eine Plattform f\u00fcr die au\u00dfergerichtliche Online-Streitbeilegung (OS-Plattform) bereit, die unter&nbsp;<a href=\"https:\/\/ec.europa.eu\/odr\" target=\"_blank\" rel=\"noreferrer noopener\">https:\/\/ec.europa.eu\/odr<\/a>&nbsp;aufrufbar ist.&nbsp;<br>Wir nehmen nicht an einem Streitbeilegungsverfahren vor einer Verbraucherschlichtungsstelle teil und sind hierzu auch nicht verpflichtet.<\/p>\n","protected":false},"excerpt":{"rendered":"<p>Impressum Anna Katharina Weghmann-LaschetFlorian Matthias Schierp&nbsp; Kapellenstra\u00dfe 16-18Telefon: 0241\/67833Fax: 0241\/65679E-Mail:&nbsp;info@hausaerzteburtscheid.com Berufsbezeichnungen Anna Katharina Weghmann-LaschetBerufsbezeichnung:Fach\u00e4rztin f\u00fcr Allgemeinmedizin (verliehen in der Bundesrepublik Deutschland) Florian Matthias&hellip;<\/p>\n","protected":false},"author":1,"featured_media":0,"parent":0,"menu_order":0,"comment_status":"closed","ping_status":"closed","template":"","meta":{"footnotes":""},"class_list":["post-192","page","type-page","status-publish","hentry"],"_links":{"self":[{"href":"https:\/\/hausaerzteinburtscheid.de\/index.php?rest_route=\/wp\/v2\/pages\/192","targetHints":{"allow":["GET"]}}],"collection":[{"href":"https:\/\/hausaerzteinburtscheid.de\/index.php?rest_route=\/wp\/v2\/pages"}],"about":[{"href":"https:\/\/hausaerzteinburtscheid.de\/index.php?rest_route=\/wp\/v2\/types\/page"}],"author":[{"embeddable":true,"href":"https:\/\/hausaerzteinburtscheid.de\/index.php?rest_route=\/wp\/v2\/users\/1"}],"replies":[{"embeddable":true,"href":"https:\/\/hausaerzteinburtscheid.de\/index.php?rest_route=%2Fwp%2Fv2%2Fcomments&post=192"}],"version-history":[{"count":9,"href":"https:\/\/hausaerzteinburtscheid.de\/index.php?rest_route=\/wp\/v2\/pages\/192\/revisions"}],"predecessor-version":[{"id":342,"href":"https:\/\/hausaerzteinburtscheid.de\/index.php?rest_route=\/wp\/v2\/pages\/192\/revisions\/342"}],"wp:attachment":[{"href":"https:\/\/hausaerzteinburtscheid.de\/index.php?rest_route=%2Fwp%2Fv2%2Fmedia&parent=192"}],"curies":[{"name":"wp","href":"https:\/\/api.w.org\/{rel}","templated":true}]}}