{"id":184,"date":"2019-11-08T16:52:03","date_gmt":"2019-11-08T16:52:03","guid":{"rendered":"http:\/\/hausaerzteinburtscheid.de\/?page_id=184"},"modified":"2020-02-23T11:50:01","modified_gmt":"2020-02-23T11:50:01","slug":"datenschutzerklaerung","status":"publish","type":"page","link":"https:\/\/hausaerzteinburtscheid.de\/?page_id=184","title":{"rendered":"DATENSCHUTZ"},"content":{"rendered":"\n<h2 class=\"wp-block-heading\"><strong>Datenschutzerkl\u00e4rung<\/strong><\/h2>\n\n\n\n<p>Ziel dieser Datenschutzerkl\u00e4rung ist, dass wir Sie und die \u00d6ffentlichkeit \u00fcber die Art, den Umfang und den Zweck der von uns erhobenen, genutzten und verarbeiteten personenbezogenen Daten informieren m\u00f6chten und Sie gleichzeitig \u00fcber die Ihnen zustehenden Rechte aufkl\u00e4ren m\u00f6chten.<\/p>\n\n\n\n<p><strong>1. Begriffsbestimmungen<\/strong><\/p>\n\n\n\n<p>Grundlage unserer Datenschutzerkl\u00e4rung sind die Begrifflichkeiten der Datenschutz-Grundverordnung (DS-GVO). Wenn wir in unserer Datenschutzerkl\u00e4rung von den folgenden Begrifflichkeiten sprechen, meinen wir die folgende Bedeutung:<\/p>\n\n\n\n<ul class=\"wp-block-list\"><li><strong>personenbezogene Daten<\/strong><br>Personenbezogene Daten sind diejenigen Informationen, die sich auf eine identifizierte oder identifizierbare nat\u00fcrliche Person (im Folgenden als \u201ebetroffene Person\u201c bezeichnet) beziehen. Als \u201eidentifizierbar\u201c ist eine Person anzusehen, die entweder direkt oder indirekt durch Zuordnung einer Kennung, wie beispielsweise einem Namen, einer Kennnummer oder Standortdaten, sowie einer Online-Kennung oder zu einem oder mehreren besonderen Merkmalen, die Ausdruck der physischen, physiologischen, genetischen, psychischen, wirtschaftlichen, kulturellen oder sozialen Identit\u00e4t dieser nat\u00fcrlichen Person sind, identifiziert werden kann.<\/li><\/ul>\n\n\n\n<ul class=\"wp-block-list\"><li><strong>betroffene Person<\/strong><br>Eine Person ist \u201ebetroffen\u201c, wenn ihre personenbezogenen Daten von dem f\u00fcr die Verarbeitung Verantwortlichen verarbeitet werden.<\/li><\/ul>\n\n\n\n<ul class=\"wp-block-list\"><li><strong>Verarbeitung<\/strong><br>Unter \u201eVerarbeitung\u201c zu verstehen ist der mit oder auch ohne Hilfe von automatisierten Verfahren ausgef\u00fchrte Vorgang, der im Zusammenhang mit personenbezogenen Daten steht, wie beispielsweise das Erheben, das Erfassen, die Organisation, das Ordnen, die Speicherung, die Anpassung oder Ver\u00e4nderung, das Auslesen, das Abfragen, die Verwendung, die Offenlegung durch \u00dcbermittlung, Verbreitung oder eine andere Form der Bereitstellung, den Abgleich oder die Verkn\u00fcpfung, die Einschr\u00e4nkung, das L\u00f6schen oder die Vernichtung.<\/li><\/ul>\n\n\n\n<ul class=\"wp-block-list\"><li><strong>Einschr\u00e4nkung der Verarbeitung<\/strong><br>Einschr\u00e4nkung der Verarbeitung ist die Markierung gespeicherter personenbezogener Daten mit dem Ziel, ihre k\u00fcnftige Verarbeitung einzuschr\u00e4nken.<\/li><\/ul>\n\n\n\n<ul class=\"wp-block-list\"><li><strong>Profiling<\/strong><br>Unter \u201eProfiling\u201c ist die automatisierte Verarbeitung personenbezogener Daten zu verstehen, die der Bewertung, Analysierung oder Vorhersage dienen (insbesondere hinsichtlich Arbeitsleistung, wirtschaftlicher Lage, Gesundheit, pers\u00f6nlicher Vorlieben, Interessen, Zuverl\u00e4ssigkeit, Verhalten, Aufenthaltsort oder Ortswechsel).<\/li><\/ul>\n\n\n\n<ul class=\"wp-block-list\"><li><strong>Pseudonymisierung<\/strong><br>Pseudonymisierung ist die Verarbeitung personenbezogener Daten in einer Weise, auf welche die personenbezogenen Daten ohne Hinzuziehung zus\u00e4tzlicher Informationen nicht mehr einer spezifischen betroffenen Person zugeordnet werden k\u00f6nnen, sofern diese zus\u00e4tzlichen Informationen gesondert aufbewahrt werden und technischen und organisatorischen Ma\u00dfnahmen unterliegen, die gew\u00e4hrleisten, dass die personenbezogenen Daten nicht einer identifizierten oder identifizierbaren nat\u00fcrlichen Person zugewiesen werden.<\/li><\/ul>\n\n\n\n<ul class=\"wp-block-list\"><li><strong>Verantwortlicher oder f\u00fcr die Verarbeitung Verantwortlicher<\/strong><br>Verantwortlicher oder f\u00fcr die Verarbeitung Verantwortlicher ist die nat\u00fcrliche oder juristische Person, Beh\u00f6rde, Einrichtung oder andere Stelle, die allein oder gemeinsam mit anderen \u00fcber die Zwecke und Mittel der Verarbeitung von personenbezogenen Daten entscheidet. Sind die Zwecke und Mittel dieser Verarbeitung durch das Unionsrecht oder das Recht der Mitgliedstaaten vorgegeben, so kann der Verantwortliche beziehungsweise k\u00f6nnen die bestimmten Kriterien seiner Benennung nach dem Unionsrecht oder dem Recht der Mitgliedstaaten vorgesehen werden.<\/li><\/ul>\n\n\n\n<ul class=\"wp-block-list\"><li><strong>Auftragsverarbeiter<\/strong><br>Auftragsverarbeiter ist eine nat\u00fcrliche oder juristische Person, Beh\u00f6rde, Einrichtung oder andere Stelle, die personenbezogene Daten im Auftrag des Verantwortlichen verarbeitet.<\/li><\/ul>\n\n\n\n<ul class=\"wp-block-list\"><li><strong>Empf\u00e4nger<\/strong><br>Empf\u00e4nger ist eine nat\u00fcrliche oder juristische Person, Beh\u00f6rde, Einrichtung oder andere Stelle, der personenbezogene Daten offengelegt werden, unabh\u00e4ngig davon, ob es sich bei ihr um einen Dritten handelt oder nicht. Beh\u00f6rden, die im Rahmen eines bestimmten Untersuchungsauftrags nach dem Unionsrecht oder dem Recht der Mitgliedstaaten m\u00f6glicherweise personenbezogene Daten erhalten, gelten jedoch nicht als Empf\u00e4nger.<\/li><\/ul>\n\n\n\n<ul class=\"wp-block-list\"><li><strong>Dritter<\/strong><br>Dritter ist eine nat\u00fcrliche oder juristische Person, Beh\u00f6rde, Einrichtung oder andere Stelle au\u00dfer der betroffenen Person, dem Verantwortlichen, dem Auftragsverarbeiter und den Personen, die unter der unmittelbaren Verantwortung des Verantwortlichen oder des Auftragsverarbeiters befugt sind, die personenbezogenen Daten zu verarbeiten.<\/li><\/ul>\n\n\n\n<ul class=\"wp-block-list\"><li><strong>Einwilligung<\/strong><br>Einwilligung ist jede von der betroffenen Person freiwillig f\u00fcr den bestimmten Fall in informierter Weise und unmissverst\u00e4ndlich abgegebene Willensbekundung in Form einer Erkl\u00e4rung oder einer sonstigen eindeutigen best\u00e4tigenden Handlung, mit der die betroffene Person zu verstehen gibt, dass sie mit der Verarbeitung der sie betreffenden personenbezogenen Daten einverstanden ist.<\/li><\/ul>\n\n\n\n<p><strong>2.&nbsp;<\/strong><\/p>\n\n\n\n<p><strong>Name und Anschrift des f\u00fcr die Verarbeitung Verantwortlichen<\/strong><\/p>\n\n\n\n<p>Haus\u00e4rzte in Burtscheid<\/p>\n\n\n\n<p>Anna Katharina Weghmann-Laschet<br>Florian Matthias Schierp&nbsp;<\/p>\n\n\n\n<p>Kapellenstra\u00dfe 16-18<br>Telefon: 0241\/67833<br>Fax: 0241\/65679<br>E-Mail:\u00a0info@hausaerzteburtscheid.de<\/p>\n\n\n\n<p><strong>3. Erhebung von Daten und Rechtsgrundlage der Verarbeitung<\/strong><\/p>\n\n\n\n<p><strong>Erfassung von allgemeinen Daten und Informationen<\/strong><\/p>\n\n\n\n<p>Bei dem Zugriff auf unsere Webseite werden automatisch Informationen allgemeiner Natur erfasst. Diese Informationen (sogenannte \u201eServer-Logfiles\u201c) beinhalten etwa die Art des Internet-Browsers, das verwendete Betriebssystem, den Domainnamen Ihres Internet Service Providers und \u00c4hnliches. Anhand dieser Informationen ist kein R\u00fcckschluss auf Ihre Person m\u00f6glich. Diese Informationen sind technisch notwendig, um von Ihnen angeforderte Inhalte von Webseiten korrekt auszuliefern und fallen bei Nutzung des Internets zwingend an. Anonyme Informationen dieser Art werden von uns statistisch ausgewertet, um unseren Internetauftritt und die dahinter stehende Technik zu optimieren.<\/p>\n\n\n\n<p>Folgende Informationen werden bei Zugriff auf unsere Webseite erfasst und gespeichert:<\/p>\n\n\n\n<ul class=\"wp-block-list\"><li>IP-Adresse Ihres PC bzw. Ihres internetf\u00e4higen Endger\u00e4tes<\/li><li>Zugriffsdatum<\/li><li>Name und URL der abgerufenen Datei,<\/li><li>Referrer-URL<\/li><li>Browser \/ Betriebssystem \/ Access-Provider<\/li><\/ul>\n\n\n\n<p>Die Datenerhebung und -speicherung dient den folgenden Zwecken:<\/p>\n\n\n\n<ul class=\"wp-block-list\"><li>Verbindungsaufbau der Website,<\/li><li>Technische Nutzung der Website,<\/li><li>Systemsicherheit<\/li><li>Administration.<\/li><\/ul>\n\n\n\n<p>Die Datenverarbeitung erfolgt gem\u00e4\u00df Art.&nbsp;6 Abs.&nbsp;1 S.&nbsp;1 lit.&nbsp;f DSGVO.&nbsp;<\/p>\n\n\n\n<p>Diese Website nutzt aus Sicherheitsgr\u00fcnden und zum Schutz der \u00dcbertragung personenbezogene Daten und anderer vertraulicher Inhalte (z.B. Bestellungen oder Anfragen an den Verantwortlichen) eine SSL-bzw. TLS-Verschl\u00fcsselung. Sie k\u00f6nnen eine verschl\u00fcsselte Verbindung an der Zeichenfolge \u201ehttps:\/\/\u201c und dem Schloss-Symbol in Ihrer Browserzeile erkennen.<strong><\/strong><\/p>\n\n\n\n<p><strong>Kontaktm\u00f6glichkeit \u00fcber die Internetseite<\/strong><\/p>\n\n\n\n<p>Wenn Sie uns per Kontaktformular oder per Email Anfragen zukommen lassen, werden Ihre Angaben aus dem Anfrageformular oder der Email inklusive der von Ihnen dort angegebenen Kontaktdaten zwecks Bearbeitung der Anfrage und&nbsp;oder der Kontaktaufnahme zur betroffenen Personbei uns gespeichert. Diese Daten geben wir nicht an Dritte weiter.&nbsp;Rechtsgrundlage f\u00fcr die Verarbeitung der Daten ist unser berechtigtes Interesse an der Beantwortung Ihres Anliegens gem\u00e4\u00df Art. 6 Abs. 1 lit. f DSGVO. Zielt Ihre Kontaktierung auf den Abschluss eines Vertrages ab, so ist zus\u00e4tzliche Rechtsgrundlage f\u00fcr die Verarbeitung Art. 6 Abs. 1 lit. b DSGVO.&nbsp;Die Datenverarbeitung aufgrund Ihrer Einwilligung erfolgt nach Art.&nbsp;6 Abs.&nbsp;1 S.&nbsp;1 lit.&nbsp;a DSGVO. Die L\u00f6schung der f\u00fcr die Benutzung des Kontaktformulars erhobenen personenbezogenen Daten erfolgt automatisch nach Erledigung Ihrer Anfrage. Sie haben das Recht, jederzeit Ihre Einwilligung zur Datenverarbeitung zu widerrufen.<\/p>\n\n\n\n<p><strong>4. Speicherzeitraum<\/strong><\/p>\n\n\n\n<p>Wir speichern die f\u00fcr die Abwicklung Ihrer Bestellung erhobenen und uns \u00fcbermittelten personenbezogenen Daten bis zum Ablauf der gesetzlichen Aufbewahrungspflicht. Anschlie\u00dfend werden Ihre Daten von uns gel\u00f6scht, es sei denn, dass wir nach Artikel&nbsp;6 Abs.&nbsp;1 S.&nbsp;1 lit.&nbsp;c DSGVO aufgrund von steuer- und handelsrechtlichen Aufbewahrungs- und Dokumentationspflichten (aus HGB, StGB oder AO) zu einer l\u00e4ngeren Speicherung verpflichtet sind oder Sie in eine dar\u00fcber hinausgehende Speicherung nach Art.&nbsp;6 Abs.&nbsp;1 S.&nbsp;1 lit.&nbsp;a DSGVO eingewilligt haben.&nbsp;<\/p>\n\n\n\n<p><strong>5. Pflicht zur Bereitstellung &#8211; m\u00f6gliche Folgen der Nichtbereitstellung<\/strong><\/p>\n\n\n\n<p>Die Bereitstellung personenbezogener Daten ist teilweise gesetzlich vorgeschrieben (Steuerrecht) bzw. kann sich aus vertraglichen Regelungen (Transparenz des Vertragspartners) ergeben. Eine Nichtbereitstellung der personenbezogenen Daten w\u00fcrde einem Vertragsschluss entgegenstehen und erfolgt daher auch nicht. Etwaige Ausk\u00fcnfte \u00fcber die gesetzlich oder vertraglich vorgeschriebene Bereitstellung der personenbezogenen Daten erteilt Ihnen der Verantwortliche.<\/p>\n\n\n\n<p><strong>6. Bestehen einer automatisierten Entscheidungsfindung<\/strong><\/p>\n\n\n\n<p>Wir setzen kein automatisierte Entscheidungsfindung, bzw. Profiling, ein.<\/p>\n\n\n\n<p><strong>7. Routinem\u00e4\u00dfige L\u00f6schung und Sperrung von personenbezogenen Daten<\/strong><\/p>\n\n\n\n<p>Wenn der Speicherzeitraum, der oben unter 4. n\u00e4her erl\u00e4utert wird, abgelaufen ist, werden die personenbezogenen Daten routinem\u00e4\u00dfig gel\u00f6scht.<\/p>\n\n\n\n<p><strong>8.<\/strong><strong>&nbsp;Rechte der von der Datenverarbeitung betroffenen Person<\/strong><\/p>\n\n\n\n<p>Als von der Datenverarbeitung betroffene Person haben Sie die folgenden Rechte:<\/p>\n\n\n\n<ul class=\"wp-block-list\"><li>Art.&nbsp;15 DSGVO: Sie haben das Recht, Auskunft \u00fcber Ihre von uns verarbeiteten personenbezogenen Daten zu verlangen. Insbesondere k\u00f6nnen Sie Auskunft \u00fcber die Verarbeitungszwecke, die Kategorie der personenbezogenen Daten, die Kategorien von Empf\u00e4ngern, gegen\u00fcber denen Ihre Daten offengelegt wurden oder werden, die geplante Speicherdauer, das Bestehen eines Rechts auf Berichtigung, L\u00f6schung, Einschr\u00e4nkung der Verarbeitung oder Widerspruch, das Bestehen eines Beschwerderechts, die Herkunft ihrer Daten, sofern diese nicht bei uns erhoben wurden, sowie \u00fcber das Bestehen einer automatisierten Entscheidungsfindung einschlie\u00dflich Profiling und ggf. aussagekr\u00e4ftigen Informationen zu deren Einzelheiten verlangen;<\/li><li>Art.&nbsp;16 DSGVO: Sie haben das Recht, Berichtigung unrichtiger oder Vervollst\u00e4ndigung Ihrer bei uns gespeicherten personenbezogenen Daten zu verlangen;<\/li><li>Art.&nbsp;17 DSGVO: Sie haben das Recht, L\u00f6schung Ihrer bei uns gespeicherten personenbezogenen Daten, soweit nicht die Verarbeitung zur Aus\u00fcbung des Rechts auf freie Meinungs\u00e4u\u00dferung und Information, zur Erf\u00fcllung einer rechtlichen Verpflichtung, aus Gr\u00fcnden des \u00f6ffentlichen Interesses oder zur Geltendmachung, Aus\u00fcbung oder Verteidigung von Rechtsanspr\u00fcchen erforderlich ist, zu verlangen;<\/li><li>Art.&nbsp;18 DSGVO: Sie haben das Recht, Einschr\u00e4nkung der Verarbeitung Ihrer personenbezogenen Daten, soweit die Richtigkeit der Daten von Ihnen bestritten wird, die Verarbeitung unrechtm\u00e4\u00dfig ist, Sie aber deren L\u00f6schung ablehnen und wir die Daten nicht mehr ben\u00f6tigen, Sie jedoch diese zur Geltendmachung, Aus\u00fcbung oder Verteidigung von Rechtsanspr\u00fcchen ben\u00f6tigen oder Sie gem\u00e4\u00df Art.&nbsp;21 DSGVO Widerspruch gegen die Verarbeitung eingelegt haben, zu verlangen;<\/li><li>Art.&nbsp;20 DSGVO: Sie haben das Recht, Ihre personenbezogenen Daten, die Sie uns bereitgestellt haben, in einem strukturierten, g\u00e4ngigen und maschinenlesebaren Format zu erhalten oder die \u00dcbermittlung an einen anderen Verantwortlichen, zu erhalten;<\/li><li>Art.&nbsp;7 Abs.&nbsp;3 DSGVO: Sie haben das Recht, Ihre erteilte Einwilligung zur Datenverarbeitung zu widerrufen. Dies hat zur Folge, dass wir die Datenverarbeitung, die auf dieser Einwilligung beruhte, f\u00fcr die Zukunft nicht mehr fortf\u00fchren d\u00fcrfen;<\/li><li>Art.&nbsp;77 DSGVO: Sie haben das Recht, sich bei einer Aufsichtsbeh\u00f6rde an Ihrem \u00fcblichen Aufenthaltsort oder Arbeitsplatz oder unserem Firmensitzes \u00fcber die Datenverarbeitung zu beschweren (Beschwerderecht).<\/li><\/ul>\n\n\n\n<p><strong>9. Cookies<\/strong><\/p>\n\n\n\n<p><strong>Verwendung, Rechtsgrundlage und Zweck<\/strong><\/p>\n\n\n\n<p>Damit wir den Funktionsumfang sowie die technische Darstellung unserer Webseite optimal gestalten k\u00f6nnen und auch weiter optimieren k\u00f6nnen, setzen wir sogenannte \u201eCookies\u201c ein. Dies sind kleine Textdateien, die auf Ihrem Endger\u00e4t abgelegt, bzw. gespeichert werden. Mit Hilfe dieser \u201eCookies\u201c k\u00f6nnen bei dem Aufruf unserer Webseite Daten auf Ihrem Rechner gespeichert werden.&nbsp;<\/p>\n\n\n\n<p>Der Zweck der Verwendung technisch notwendiger Cookies ist, die Nutzung von Websites f\u00fcr die Nutzer zu vereinfachen. Einige Funktionen unserer Internetseite k\u00f6nnen ohne den Einsatz von Cookies nicht angeboten werden. F\u00fcr diese ist es erforderlich, dass der Browser auch nach einem Seitenwechsel wiedererkannt wird. Die durch technisch notwendige Cookies erhobenen Nutzerdaten werden nicht zur Erstellung von Nutzerprofilen verwendet.<\/p>\n\n\n\n<p>Die Rechtsgrundlage f\u00fcr die Verarbeitung personenbezogener Daten unter Verwendung technisch notweniger Cookies ist Art. 6 Abs. 1 lit. f DSGVO.<\/p>\n\n\n\n<p>Wir verwenden auf unserer Website dar\u00fcber hinaus Cookies, die eine Analyse des Surfverhaltens der Nutzer erm\u00f6glichen. Die Verwendung der Analyse-Cookies erfolgt zu dem Zweck, die Qualit\u00e4t unserer Website und ihre Inhalte zu verbessern. Durch die Analyse-Cookies erfahren wir, wie die Website genutzt wird und k\u00f6nnen so unser Angebot stetig optimieren.<\/p>\n\n\n\n<p>Beim Aufruf unserer Website wird der Nutzer \u00fcber die Verwendung von Cookies zu Analysezwecken informiert und seine Einwilligung zur Verarbeitung der in diesem Zusammenhang verwendeten personenbezogenen Daten eingeholt. In diesem Zusammenhang erfolgt auch ein Hinweis auf diese Datenschutzerkl\u00e4rung.<\/p>\n\n\n\n<p>Die Rechtsgrundlage f\u00fcr die Verarbeitung personenbezogener Daten unter Verwendung von Cookies zu Analysezwecken ist bei Vorliegen einer diesbez\u00fcglichen Einwilligung des Nutzers Art. 6 Abs. 1 lit. a DSGVO.<\/p>\n\n\n\n<p><strong>Widerruf und Widerspruch<\/strong><\/p>\n\n\n\n<p>Unabh\u00e4ngig davon, ob die Verarbeitung auf Grundlage einer Einwilligung oder gesetzlichen Erlaubnis erfolgt, haben Sie jederzeit die M\u00f6glichkeit, eine erteilte Einwilligung zu widerrufen oder der Verarbeitung Ihrer Daten durch Cookie-Technologien zu widersprechen.<\/p>\n\n\n\n<p>Sie k\u00f6nnen Ihren Webbrowser so einstellen, dass er Sie beim Setzen von Cookies benachrichtigt oder alle oder bestimmte Cookies ablehnt oder deaktiviert, z.B. um Webtracking zu verbieten. Durch Verbieten bzw. Deaktivieren und L\u00f6schen aller Cookies k\u00f6nnen Sie auch eine erteilte Einwilligung widerrufen. Wenn Sie Cookies mithilfe Ihres Browsers deaktivieren oder einschr\u00e4nken, dann werden aber auch verschiedene Funktionen auf unserer Website f\u00fcr Sie nicht mehr nutzbar sein. Sie k\u00f6nnen mithilfe Ihres Webbrowsers gespeicherte Cookies jederzeit l\u00f6schen, auch automatisiert. \u00dcber die folgenden Links k\u00f6nnen Sie sich \u00fcber diese M\u00f6glichkeit f\u00fcr die am meisten verwendeten Browser informieren:<\/p>\n\n\n\n<ul class=\"wp-block-list\"><li>Explorer:&nbsp;<a href=\"https:\/\/support.microsoft.com\/de-de\/help\/17442\/windows-internet-explorer-delete-manage-cookies\" target=\"_blank\" rel=\"noreferrer noopener\">https:\/\/support.microsoft.com\/de-de\/help\/17442\/windows-internet-explorer-delete-manage-cookies<\/a><\/li><li>Firefox:&nbsp;<a href=\"http:\/\/support.mozilla.org\/de\/kb\/cookies-informationen-websites-auf-ihrem-computer\" target=\"_blank\" rel=\"noreferrer noopener\">http:\/\/support.mozilla.org\/de\/kb\/cookies-informationen-websites-auf-ihrem-computer<\/a><\/li><li>Google Chrome:&nbsp;<a href=\"http:\/\/support.google.com\/chrome\/bin\/answer.py?hl=de&amp;answer=95647\" target=\"_blank\" rel=\"noreferrer noopener\">http:\/\/support.google.com\/chrome\/bin\/answer.py?hl=de&amp;answer=95647<\/a><\/li><li>Safari:&nbsp;<a href=\"https:\/\/support.apple.com\/kb\/PH21411?locale=de_DE\" target=\"_blank\" rel=\"noreferrer noopener\">https:\/\/support.apple.com\/kb\/PH21411?locale=de_DE<\/a><\/li><li>Opera:&nbsp;<a href=\"http:\/\/help.opera.com\/Linux\/12.10\/de\/cookies.html\" target=\"_blank\" rel=\"noreferrer noopener\">http:\/\/help.opera.com\/Linux\/12.10\/de\/cookies.html<\/a>.<\/li><\/ul>\n\n\n\n<p><strong>10. Online-Marketing<\/strong><\/p>\n\n\n\n<p><strong>Verwendung von GoogleMaps<\/strong><\/p>\n\n\n\n<p>Wir verwenden auf unserer Website die Funktion zur Einbettung von GoogleMaps-Karten der Google Inc. (1600 Amphitheatre Parkway, Mountain View, CA 94043, USA; \u201cGoogle\u201d).<br>Die Funktion erm\u00f6glicht die visuelle Darstellung von geographischen Informationen und interaktiven Landkarten.<br>Dabei werden von Google bei Aufrufen der Seiten, in die GoogleMaps-Karten eingebunden sich, auch Daten der Besucher der Seiten erhoben, verarbeitet und genutzt. N\u00e4here Informationen zur Erhebung und Nutzung der Daten durch Google finden Sie in den Datenschutzhinweisen von Google unter&nbsp;<a href=\"https:\/\/www.google.com\/privacypolicy.html\" target=\"_blank\" rel=\"noreferrer noopener\">https:\/\/www.google.com\/privacypolicy.html<\/a>. Dort haben Sie auch im Datenschutzcenter die M\u00f6glichkeit Ihre Einstellungen zu ver\u00e4ndern, so dass Sie Ihre von Google verarbeiteten Daten verwalten und sch\u00fctzen k\u00f6nnen.<br>Ihre Daten werden dabei gegebenenfalls auch in die USA \u00fcbermittelt. F\u00fcr Daten\u00fcbermittlungen in die USA ist ein Angemessenheitsbeschluss der Europ\u00e4ischen Kommission vorhanden.<br>Sie haben das Recht aus Gr\u00fcnden, die sich aus Ihrer besonderen Situation ergeben, jederzeit gegen diese auf Art. 6 (1) f DSGVO beruhende Verarbeitung Sie betreffender personenbezogener Daten zu widersprechen.<br>Dazu m\u00fcssen Sie die Anwendung JavaScript in Ihrem Browser ausschalten. Wir weisen Sie jedoch darauf hin, dass Sie in diesem Fall gegebenenfalls nicht s\u00e4mtliche Funktionen dieser Website, wie bspw. die interaktive Kartenanzeige, vollumf\u00e4nglich werden nutzen k\u00f6nnen.<\/p>\n\n\n\n<p><strong>Google Analytics (mit Anonymisierungsfunktion)<\/strong><\/p>\n\n\n\n<p>Teil unserer Webseite ist die Integrierung des sogenannten Dienstes Google Analytics. Hierbei handelt es sich um einen Webanalysedienst der Google Inc. (\u201eGoogle\u201c). Google Analytics verwendet sog. \u201eCookies\u201c. Dies sind kleine Textdateien, die auf Ihrem Endger\u00e4t gespeichert werden und die eine Analyse der Benutzung der Website durch Sie erm\u00f6glichen. Die durch den Cookie erzeugten Informationen \u00fcber Ihre Benutzung dieser Website werden in der Regel an einen Server von Google in den USA \u00fcbertragen und dort gespeichert. Im Falle der Aktivierung der IP-Anonymisierung auf dieser Webseite, wird Ihre IP-Adresse von Google jedoch innerhalb von Mitgliedstaaten der Europ\u00e4ischen Union oder in anderen Vertragsstaaten des Abkommens \u00fcber den Europ\u00e4ischen Wirtschaftsraum zuvor gek\u00fcrzt. Nur in Ausnahmef\u00e4llen wird die volle IP-Adresse an einen Server von Google in den USA \u00fcbertragen und dort gek\u00fcrzt. Google wird die gewonnenen Informationen im Auftrag des Webseitenbetreibers dazu verwenden, um Reports \u00fcber die Websiteaktivit\u00e4ten zusammenzustellen und um weitere mit der Websitenutzung und der Internetnutzung verbundene Dienstleistungen gegen\u00fcber dem Websitebetreiber zu erbringen. Die im Rahmen von Google Analytics von Ihrem Browser \u00fcbermittelte IP-Adresse wird nicht mit anderen Daten von Google zusammengef\u00fchrt. Sie k\u00f6nnen die Speicherung der Cookies durch eine entsprechende Einstellung Ihrer Browser-Software verhindern; wir weisen Sie jedoch darauf hin, dass Sie in diesem Fall gegebenenfalls nicht s\u00e4mtliche Funktionen dieser Website vollumf\u00e4nglich werden nutzen k\u00f6nnen. Sie k\u00f6nnen dar\u00fcber hinaus die Erfassung der durch das Cookie erzeugten und auf Ihre Nutzung der Website bezogenen Daten (inkl. Ihrer IP-Adresse) an Google sowie die Verarbeitung dieser Daten durch Google verhindern, indem sie das unter dem folgenden Link&nbsp;<a href=\"http:\/\/tools.google.com\/dlpage\/gaoptout?hl=de\">http:\/\/tools.google.com\/dlpage\/gaoptout?hl=de<\/a>&nbsp;verf\u00fcgbare Browser-Plugin herunterladen und installieren.<\/p>\n\n\n\n<p>Weitere Informationen und die geltenden Datenschutzbestimmungen von Google k\u00f6nnen unter&nbsp;<a href=\"https:\/\/www.google.de\/intl\/de\/policies\/privacy\/\">https:\/\/www.google.de\/intl\/de\/policies\/privacy\/<\/a>&nbsp;und unter&nbsp;<a href=\"http:\/\/www.google.com\/analytics\/terms\/de.html\">http:\/\/www.google.com\/analytics\/terms\/de.html<\/a>&nbsp;abgerufen werden. Google Analytics wird unter diesem Link&nbsp;<a href=\"https:\/\/www.google.com\/intl\/de_de\/analytics\">https:\/\/www.google.com\/intl\/de_de\/analytics<\/a>&nbsp;&nbsp;genauer erl\u00e4utert.<\/p>\n","protected":false},"excerpt":{"rendered":"<p>Datenschutzerkl\u00e4rung Ziel dieser Datenschutzerkl\u00e4rung ist, dass wir Sie und die \u00d6ffentlichkeit \u00fcber die Art, den Umfang und den Zweck der von uns erhobenen,&hellip;<\/p>\n","protected":false},"author":1,"featured_media":0,"parent":0,"menu_order":0,"comment_status":"closed","ping_status":"closed","template":"","meta":{"footnotes":""},"class_list":["post-184","page","type-page","status-publish","hentry"],"_links":{"self":[{"href":"https:\/\/hausaerzteinburtscheid.de\/index.php?rest_route=\/wp\/v2\/pages\/184","targetHints":{"allow":["GET"]}}],"collection":[{"href":"https:\/\/hausaerzteinburtscheid.de\/index.php?rest_route=\/wp\/v2\/pages"}],"about":[{"href":"https:\/\/hausaerzteinburtscheid.de\/index.php?rest_route=\/wp\/v2\/types\/page"}],"author":[{"embeddable":true,"href":"https:\/\/hausaerzteinburtscheid.de\/index.php?rest_route=\/wp\/v2\/users\/1"}],"replies":[{"embeddable":true,"href":"https:\/\/hausaerzteinburtscheid.de\/index.php?rest_route=%2Fwp%2Fv2%2Fcomments&post=184"}],"version-history":[{"count":11,"href":"https:\/\/hausaerzteinburtscheid.de\/index.php?rest_route=\/wp\/v2\/pages\/184\/revisions"}],"predecessor-version":[{"id":344,"href":"https:\/\/hausaerzteinburtscheid.de\/index.php?rest_route=\/wp\/v2\/pages\/184\/revisions\/344"}],"wp:attachment":[{"href":"https:\/\/hausaerzteinburtscheid.de\/index.php?rest_route=%2Fwp%2Fv2%2Fmedia&parent=184"}],"curies":[{"name":"wp","href":"https:\/\/api.w.org\/{rel}","templated":true}]}}