{"id":17,"date":"2019-11-03T11:32:32","date_gmt":"2019-11-03T11:32:32","guid":{"rendered":"http:\/\/hausaerzteinburtscheid.de\/?page_id=17"},"modified":"2020-03-02T21:06:09","modified_gmt":"2020-03-02T21:06:09","slug":"leistungen","status":"publish","type":"page","link":"https:\/\/hausaerzteinburtscheid.de\/?page_id=17","title":{"rendered":"LEISTUNGEN"},"content":{"rendered":"<div id=\"accordions-149\" class=\"accordions-149 accordions\" data-accordions={&quot;lazyLoad&quot;:true,&quot;id&quot;:&quot;149&quot;,&quot;event&quot;:&quot;click&quot;,&quot;collapsible&quot;:&quot;true&quot;,&quot;heightStyle&quot;:&quot;content&quot;,&quot;animateStyle&quot;:&quot;swing&quot;,&quot;animateDelay&quot;:1000,&quot;navigation&quot;:true,&quot;active&quot;:999,&quot;expandedOther&quot;:&quot;no&quot;}>\r\n                <div id=\"accordions-lazy-149\" class=\"accordions-lazy\" accordionsId=\"149\">\r\n                    <\/div>\r\n\r\n    <div class=\"items\"  style=\"display:none\" >\r\n    \r\n            <div post_id=\"149\" itemcount=\"0\"  header_id=\"header-1573160692714\" id=\"header-1573160692714\" style=\"\" class=\"accordions-head head1573160692714 border-none\" toggle-text=\"\" main-text=\"Akutversorgung\">\r\n                                    <span id=\"accordion-icons-1573160692714\" class=\"accordion-icons\">\r\n                        <span class=\"accordion-icon-active accordion-plus\"><i class=\"fa fas fa-chevron-up\"><\/i><\/span>\r\n                        <span class=\"accordion-icon-inactive accordion-minus\"><i class=\"fa fas fa-chevron-down\"><\/i><\/span>\r\n                    <\/span>\r\n                    <span id=\"header-text-1573160692714\" class=\"accordions-head-title\">Akutversorgung<\/span>\r\n                            <\/div>\r\n            <div class=\"accordion-content content1573160692714 \">\r\n                <p>In der Akutversorgung ist uns die rasche Terminvergabe und Behandlung wichtig. Wir versuchen soviel wie m\u00f6glich zeitnah zu leisten, von Anamnesegespr\u00e4ch \u00fcber k\u00f6rperliche Untersuchung bis hin zur apparativen Diagnostik. Sollten weitere Untersuchungen notwendig werden planen wir diese gemeinsam mit Ihnen, ebenso wie \u00dcberweisung zu einem anderen Facharzt.<\/p>\n<p>Die Termin Vereinbarung hierf\u00fcr sollte, um lange Wartezeiten zu vermeiden, telefonisch oder per E-Mail erfolgen.<\/p>\n            <\/div>\r\n    <\/div>\r\n\r\n\r\n\r\n            <\/div>\n\n\n<div id=\"accordions-152\" class=\"accordions-152 accordions\" data-accordions={&quot;lazyLoad&quot;:true,&quot;id&quot;:&quot;152&quot;,&quot;event&quot;:&quot;click&quot;,&quot;collapsible&quot;:&quot;true&quot;,&quot;heightStyle&quot;:&quot;content&quot;,&quot;animateStyle&quot;:&quot;swing&quot;,&quot;animateDelay&quot;:1000,&quot;navigation&quot;:true,&quot;active&quot;:999,&quot;expandedOther&quot;:&quot;no&quot;}>\r\n                <div id=\"accordions-lazy-152\" class=\"accordions-lazy\" accordionsId=\"152\">\r\n                    <\/div>\r\n\r\n    <div class=\"items\"  style=\"display:none\" >\r\n    \r\n            <div post_id=\"152\" itemcount=\"0\"  header_id=\"header-1573161385100\" id=\"header-1573161385100\" style=\"\" class=\"accordions-head head1573161385100 border-none\" toggle-text=\"\" main-text=\"Vorsorge \">\r\n                                    <span id=\"accordion-icons-1573161385100\" class=\"accordion-icons\">\r\n                        <span class=\"accordion-icon-active accordion-plus\"><i class=\"fa fas fa-chevron-up\"><\/i><\/span>\r\n                        <span class=\"accordion-icon-inactive accordion-minus\"><i class=\"fa fas fa-chevron-down\"><\/i><\/span>\r\n                    <\/span>\r\n                    <span id=\"header-text-1573161385100\" class=\"accordions-head-title\">Vorsorge <\/span>\r\n                            <\/div>\r\n            <div class=\"accordion-content content1573161385100 \">\r\n                <ol>\n<li><strong style=\"font-size: 19px;\">GU 35:<\/strong> Im Rahmen der Vorsorge bieten wir ihnen den Gesundheitscheck GU35 inklusive Ultraschalluntersuchung an. Die Vorsorge im Rahmen der Gesundheitsuntersuchung umfasst Impfberatung, Evaluation famili\u00e4rer Risikofaktoren, Suchtpr\u00e4vention, Labordiagnostik inklusive Urindiagnostik um chronische Erkrankungen fr\u00fchzeitig zu erkennen bzw. ihnen vorzubeugen. Weiterhin geh\u00f6rt die k\u00f6rperliche Untersuchung und Ultraschalldiagnostik hierzu. Bei Fragen bzgl. H\u00e4ufigkeit, Umfang, Terminen oder \u00c4hnliches sprechen sie unser Team oder uns gerne hierauf an.<\/li>\n<li><strong style=\"font-size: 19px;\">Hautkrebsscreening:<\/strong> das Hautkrebsscreening wird von den gesetzlichen Krankenkassen alle 2 Jahre \u00fcbernommen. Hautkrebs wird oft lange nicht erkannt, weswegen die regelm\u00e4\u00dfige Kontrolle und ggf. weitere Diagnostik wichtig und sinnvoll ist. Bei Fragen sprechen sie uns gerne darauf an.<\/li>\n<li><strong style=\"font-size: 19px;\">Disease Management Programme \u2013 DMP<\/strong>: Bei chronischen Erkrankungen wie Koronare Herzkrankheit, Chronische Bronchitis \u2013 COPD, Asthma bronchiale und Diabetes mellitus bieten wir die regelm\u00e4\u00dfige Kontrolle im Rahmen der DMP-Programme der Krankenkassen an. Hierbei geht es um die \u00dcberwachung des Krankheitsverlaufs mit regelm\u00e4\u00dfiger Kontrolle der Risikofaktoren, Besprechung der Beschwerden zur raschen Therapieanpassung um ein Fortschreiten der Erkrankung schnell zu erkennen und rasch zu handeln. Hierdurch kann die Lebensqualit\u00e4t trotz chronischer Erkrankung erhalten werden. Dies bieten wir selbstverst\u00e4ndlich auch im Rahmen der privat\u00e4rztlichen Versorgung an.<\/li>\n<li><strong style=\"font-size: 19px;\">Vorsorgevollmacht und Patientenverf\u00fcgung<\/strong><span style=\"font-size: 19px;\">: Auch eine Patientenverf\u00fcgung und Vorsorgevollmacht geh\u00f6rt zur Vorsorge. Die Auseinandersetzung mit dem Ende des Lebens ist nat\u00fcrlich kein sch\u00f6ner Gedanke, jedoch die \u00dcberlegung inwieweit Therapien durchgef\u00fchrt oder unterlassen werden sollen ist ein wichtiger Aspekt hierbei. Vor allem da die Verantwortung hierbei oft in den H\u00e4nden anderer liegt. Wir beraten sie gerne bei Fragen oder f\u00fcllen die Patientenverf\u00fcgung oder Vorsorgevollmacht in einem ausf\u00fchrlichen Gespr\u00e4ch im Rahmen einer individuellen Gesundheitsleistung (IGeL) mit Ihnen aus.<\/span><\/li>\n<\/ol>\n            <\/div>\r\n    <\/div>\r\n\r\n\r\n\r\n            <\/div>\n\n\n<div id=\"accordions-158\" class=\"accordions-158 accordions\" data-accordions={&quot;lazyLoad&quot;:true,&quot;id&quot;:&quot;158&quot;,&quot;event&quot;:&quot;click&quot;,&quot;collapsible&quot;:&quot;true&quot;,&quot;heightStyle&quot;:&quot;content&quot;,&quot;animateStyle&quot;:&quot;swing&quot;,&quot;animateDelay&quot;:1000,&quot;navigation&quot;:true,&quot;active&quot;:999,&quot;expandedOther&quot;:&quot;no&quot;}>\r\n                <div id=\"accordions-lazy-158\" class=\"accordions-lazy\" accordionsId=\"158\">\r\n                    <\/div>\r\n\r\n    <div class=\"items\"  style=\"display:none\" >\r\n    \r\n            <div post_id=\"158\" itemcount=\"0\"  header_id=\"header-1573161385100\" id=\"header-1573161385100\" style=\"\" class=\"accordions-head head1573161385100 border-none\" toggle-text=\"\" main-text=\"Diagnostik\">\r\n                                    <span id=\"accordion-icons-1573161385100\" class=\"accordion-icons\">\r\n                        <span class=\"accordion-icon-active accordion-plus\"><i class=\"fa fas fa-chevron-up\"><\/i><\/span>\r\n                        <span class=\"accordion-icon-inactive accordion-minus\"><i class=\"fa fas fa-chevron-down\"><\/i><\/span>\r\n                    <\/span>\r\n                    <span id=\"header-text-1573161385100\" class=\"accordions-head-title\">Diagnostik<\/span>\r\n                            <\/div>\r\n            <div class=\"accordion-content content1573161385100 \">\r\n                <p>In unserer Praxis bieten wir ihnen umfassende haus\u00e4rztliche und Internistische Diagnostikmethoden an. <i>Hier gegebenenfalls kurze Erkl\u00e4rung der Diagnostischen Methode<\/i><\/p>\n<ol style=\"font-size: 19px;\">\n<li>Ultraschall<\/li>\n<li>EKG und Belastungs-EKG<\/li>\n<li>Langzeituntersuchungen von Blutdruck und EKG<\/li>\n<li>Venenmessung - Lichtreflexrheographie<\/li>\n<li>Lungenfunktionsdiagnostik-Spirometrie<\/li>\n<li>Labordiagnostik (Blut\/Urin\/Abstriche\/Stuhluntersuchungen)<\/li>\n<li>Neurologische Diagnostik inkl. Reflexkontrolle, Kontrolle des Vibrationsamepfinden, W\u00e4rme und K\u00e4lteempfingen, Kontrolle der Tiefensensibilit\u00e4t<\/li>\n<\/ol>\n            <\/div>\r\n    <\/div>\r\n\r\n\r\n\r\n            <\/div>\n\n\n<div id=\"accordions-162\" class=\"accordions-162 accordions\" data-accordions={&quot;lazyLoad&quot;:true,&quot;id&quot;:&quot;162&quot;,&quot;event&quot;:&quot;click&quot;,&quot;collapsible&quot;:&quot;true&quot;,&quot;heightStyle&quot;:&quot;content&quot;,&quot;animateStyle&quot;:&quot;swing&quot;,&quot;animateDelay&quot;:1000,&quot;navigation&quot;:true,&quot;active&quot;:999,&quot;expandedOther&quot;:&quot;no&quot;}>\r\n                <div id=\"accordions-lazy-162\" class=\"accordions-lazy\" accordionsId=\"162\">\r\n                    <\/div>\r\n\r\n    <div class=\"items\"  style=\"display:none\" >\r\n    \r\n            <div post_id=\"162\" itemcount=\"0\"  header_id=\"header-1573161385100\" id=\"header-1573161385100\" style=\"\" class=\"accordions-head head1573161385100 border-none\" toggle-text=\"\" main-text=\"Wundversorgung\">\r\n                                    <span id=\"accordion-icons-1573161385100\" class=\"accordion-icons\">\r\n                        <span class=\"accordion-icon-active accordion-plus\"><i class=\"fa fas fa-chevron-up\"><\/i><\/span>\r\n                        <span class=\"accordion-icon-inactive accordion-minus\"><i class=\"fa fas fa-chevron-down\"><\/i><\/span>\r\n                    <\/span>\r\n                    <span id=\"header-text-1573161385100\" class=\"accordions-head-title\">Wundversorgung<\/span>\r\n                            <\/div>\r\n            <div class=\"accordion-content content1573161385100 \">\r\n                <p>Ob bei akuten kleineren Wunden, Wundkontrollen, Fadenzug nach Operation, Verbandswechseln, Wundreinigung, Verbandswechseln oder der Versorgung von chronischen Wunden, wir behandeln und beraten sie gerne.<\/p>\n            <\/div>\r\n    <\/div>\r\n\r\n\r\n\r\n            <\/div>\n\n\n<div id=\"accordions-281\" class=\"accordions-281 accordions\" data-accordions={&quot;lazyLoad&quot;:true,&quot;id&quot;:&quot;281&quot;,&quot;event&quot;:&quot;click&quot;,&quot;collapsible&quot;:&quot;true&quot;,&quot;heightStyle&quot;:&quot;content&quot;,&quot;animateStyle&quot;:&quot;swing&quot;,&quot;animateDelay&quot;:1000,&quot;navigation&quot;:true,&quot;active&quot;:999,&quot;expandedOther&quot;:&quot;no&quot;}>\r\n                <div id=\"accordions-lazy-281\" class=\"accordions-lazy\" accordionsId=\"281\">\r\n                    <\/div>\r\n\r\n    <div class=\"items\"  style=\"display:none\" >\r\n    \r\n            <div post_id=\"281\" itemcount=\"0\"  header_id=\"header-1573161385100\" id=\"header-1573161385100\" style=\"\" class=\"accordions-head head1573161385100 border-none\" toggle-text=\"\" main-text=\"Impfberatung\">\r\n                                    <span id=\"accordion-icons-1573161385100\" class=\"accordion-icons\">\r\n                        <span class=\"accordion-icon-active accordion-plus\"><i class=\"fa fas fa-chevron-up\"><\/i><\/span>\r\n                        <span class=\"accordion-icon-inactive accordion-minus\"><i class=\"fa fas fa-chevron-down\"><\/i><\/span>\r\n                    <\/span>\r\n                    <span id=\"header-text-1573161385100\" class=\"accordions-head-title\">Impfberatung<\/span>\r\n                            <\/div>\r\n            <div class=\"accordion-content content1573161385100 \">\r\n                <p>Impfungen sind einer der Meilensteine der modernen medizinischen Krankheitsvorsorge und liegen uns sehr am Herzen. Unabh\u00e4ngig von regelm\u00e4\u00dfigen Impfungen wie zum Beispiel Diphterie\/Tetanus oder Pneumokokken, bieten wir auch saisonale Impfungen (Grippeschutzimpfung) oder Reiseimpfungen inkl. Impfberatung an. <u>Wir sind keine Gelbfieberimpfstelle!<\/u><\/p>\n            <\/div>\r\n    <\/div>\r\n\r\n\r\n\r\n            <\/div>\n\n\n<div id=\"accordions-282\" class=\"accordions-282 accordions\" data-accordions={&quot;lazyLoad&quot;:true,&quot;id&quot;:&quot;282&quot;,&quot;event&quot;:&quot;click&quot;,&quot;collapsible&quot;:&quot;true&quot;,&quot;heightStyle&quot;:&quot;content&quot;,&quot;animateStyle&quot;:&quot;swing&quot;,&quot;animateDelay&quot;:1000,&quot;navigation&quot;:true,&quot;active&quot;:999,&quot;expandedOther&quot;:&quot;no&quot;}>\r\n                <div id=\"accordions-lazy-282\" class=\"accordions-lazy\" accordionsId=\"282\">\r\n                    <\/div>\r\n\r\n    <div class=\"items\"  style=\"display:none\" >\r\n    \r\n            <div post_id=\"282\" itemcount=\"0\"  header_id=\"header-1573161385100\" id=\"header-1573161385100\" style=\"\" class=\"accordions-head head1573161385100 border-none\" toggle-text=\"\" main-text=\"Hausbesuche\">\r\n                                    <span id=\"accordion-icons-1573161385100\" class=\"accordion-icons\">\r\n                        <span class=\"accordion-icon-active accordion-plus\"><i class=\"fa fas fa-chevron-up\"><\/i><\/span>\r\n                        <span class=\"accordion-icon-inactive accordion-minus\"><i class=\"fa fas fa-chevron-down\"><\/i><\/span>\r\n                    <\/span>\r\n                    <span id=\"header-text-1573161385100\" class=\"accordions-head-title\">Hausbesuche<\/span>\r\n                            <\/div>\r\n            <div class=\"accordion-content content1573161385100 \">\r\n                <p>In Ausnahmef\u00e4llen f\u00fchren wir auch Hausbesuche durch um die haus\u00e4rztliche Versorgung zu gew\u00e4hrleisten. Die Terminvereinbarung hierf\u00fcr erfolgt telefonisch oder per E-Mail.<\/p>\n<p>Falls wir hierunter nicht erreichbar sein sollten, wenden Sie sich bitte an die Zentrale des Kassen\u00e4rztlichen Notdienstes (Tel: 0241- 116 117) oder die zentrale Notdienstpraxis am Luisenhospital Aachen (Boxgraben 99, 52064 Aachen, Tel: 0241-4142100) oder \u00fcber unsere Notfall-Praxishandy (Tel: 0157 30962298)<\/p>\n<p>In akut lebensbedrohlichen Situationen wenden Sie sich bitte an den Rettungsdienst der Stadt Aachen (112)<\/p>\n            <\/div>\r\n    <\/div>\r\n\r\n\r\n\r\n            <\/div>\n\n\n<div id=\"accordions-283\" class=\"accordions-283 accordions\" data-accordions={&quot;lazyLoad&quot;:true,&quot;id&quot;:&quot;283&quot;,&quot;event&quot;:&quot;click&quot;,&quot;collapsible&quot;:&quot;true&quot;,&quot;heightStyle&quot;:&quot;content&quot;,&quot;animateStyle&quot;:&quot;swing&quot;,&quot;animateDelay&quot;:1000,&quot;navigation&quot;:true,&quot;active&quot;:999,&quot;expandedOther&quot;:&quot;no&quot;}>\r\n                <div id=\"accordions-lazy-283\" class=\"accordions-lazy\" accordionsId=\"283\">\r\n                    <\/div>\r\n\r\n    <div class=\"items\"  style=\"display:none\" >\r\n    \r\n            <div post_id=\"283\" itemcount=\"0\"  header_id=\"header-1573161385100\" id=\"header-1573161385100\" style=\"\" class=\"accordions-head head1573161385100 border-none\" toggle-text=\"\" main-text=\"Individuelle Gesundheitsleistungen \u2013 IGeL\">\r\n                                    <span id=\"accordion-icons-1573161385100\" class=\"accordion-icons\">\r\n                        <span class=\"accordion-icon-active accordion-plus\"><i class=\"fa fas fa-chevron-up\"><\/i><\/span>\r\n                        <span class=\"accordion-icon-inactive accordion-minus\"><i class=\"fa fas fa-chevron-down\"><\/i><\/span>\r\n                    <\/span>\r\n                    <span id=\"header-text-1573161385100\" class=\"accordions-head-title\">Individuelle Gesundheitsleistungen \u2013 IGeL<\/span>\r\n                            <\/div>\r\n            <div class=\"accordion-content content1573161385100 \">\r\n                <p>Auf Wunsch bieten wir Ihnen auch individuelle Gesundheitsleistungen an. Diese m\u00fcssen Sie selber bezahlen, da sie nicht im Rahmen der kassen\u00e4rztlichen Versorgung verg\u00fctet werden.<\/p>\n<ol style=\"font-size: 19px;\">\n<li>Ausf\u00fcllen einer Patientenverf\u00fcgung oder Vorsorgevollmacht in einem ausf\u00fchrlichen Gespr\u00e4ch<\/li>\n<li>Labordiagnostik auf eigenen Wunsch (Selbstkostenpreis)<\/li>\n<li>Vitaminkur zur Verbesserung des Wohlbefindens<\/li>\n<li>Atteste oder Bescheinigungen (z.B. f\u00fcr Sportverein oder Hobbys)<\/li>\n<li>Lichtreflexrheographie zur Diagnostik von operationsw\u00fcrdigem Krampfaderleiden<\/li>\n<\/ol>\n            <\/div>\r\n    <\/div>\r\n\r\n\r\n\r\n            <\/div>\n","protected":false},"excerpt":{"rendered":"","protected":false},"author":1,"featured_media":165,"parent":0,"menu_order":3,"comment_status":"closed","ping_status":"closed","template":"","meta":{"footnotes":""},"class_list":["post-17","page","type-page","status-publish","has-post-thumbnail","hentry"],"_links":{"self":[{"href":"https:\/\/hausaerzteinburtscheid.de\/index.php?rest_route=\/wp\/v2\/pages\/17","targetHints":{"allow":["GET"]}}],"collection":[{"href":"https:\/\/hausaerzteinburtscheid.de\/index.php?rest_route=\/wp\/v2\/pages"}],"about":[{"href":"https:\/\/hausaerzteinburtscheid.de\/index.php?rest_route=\/wp\/v2\/types\/page"}],"author":[{"embeddable":true,"href":"https:\/\/hausaerzteinburtscheid.de\/index.php?rest_route=\/wp\/v2\/users\/1"}],"replies":[{"embeddable":true,"href":"https:\/\/hausaerzteinburtscheid.de\/index.php?rest_route=%2Fwp%2Fv2%2Fcomments&post=17"}],"version-history":[{"count":13,"href":"https:\/\/hausaerzteinburtscheid.de\/index.php?rest_route=\/wp\/v2\/pages\/17\/revisions"}],"predecessor-version":[{"id":284,"href":"https:\/\/hausaerzteinburtscheid.de\/index.php?rest_route=\/wp\/v2\/pages\/17\/revisions\/284"}],"wp:featuredmedia":[{"embeddable":true,"href":"https:\/\/hausaerzteinburtscheid.de\/index.php?rest_route=\/wp\/v2\/media\/165"}],"wp:attachment":[{"href":"https:\/\/hausaerzteinburtscheid.de\/index.php?rest_route=%2Fwp%2Fv2%2Fmedia&parent=17"}],"curies":[{"name":"wp","href":"https:\/\/api.w.org\/{rel}","templated":true}]}}