{"id":14,"date":"2019-11-02T14:07:42","date_gmt":"2019-11-02T14:07:42","guid":{"rendered":"http:\/\/hausaerzteinburtscheid.de\/?page_id=14"},"modified":"2025-12-05T13:47:38","modified_gmt":"2025-12-05T13:47:38","slug":"team","status":"publish","type":"page","link":"https:\/\/hausaerzteinburtscheid.de\/?page_id=14","title":{"rendered":"TEAM"},"content":{"rendered":"<div class=\"wp-block-image is-resized\">\n<figure class=\"alignleft\"><img loading=\"lazy\" decoding=\"async\" width=\"1024\" height=\"683\" src=\"http:\/\/hausaerzteinburtscheid.de\/wp-content\/uploads\/2019\/11\/IMG_5594-Bearbeitet-1-1024x683.jpg\" alt=\"\" class=\"wp-image-79\" style=\"width:542px;height:auto\" srcset=\"https:\/\/hausaerzteinburtscheid.de\/wp-content\/uploads\/2019\/11\/IMG_5594-Bearbeitet-1-1024x683.jpg 1024w, https:\/\/hausaerzteinburtscheid.de\/wp-content\/uploads\/2019\/11\/IMG_5594-Bearbeitet-1-300x200.jpg 300w, https:\/\/hausaerzteinburtscheid.de\/wp-content\/uploads\/2019\/11\/IMG_5594-Bearbeitet-1-768x512.jpg 768w, https:\/\/hausaerzteinburtscheid.de\/wp-content\/uploads\/2019\/11\/IMG_5594-Bearbeitet-1-1035x690.jpg 1035w\" sizes=\"auto, (max-width: 1024px) 100vw, 1024px\" \/><\/figure>\n<\/div>\n\n\n<h1 class=\"wp-block-heading has-text-align-left\" id=\"anna-katharina-weghmann-laschet\">Anna Katharina Weghmann-Laschet<\/h1>\n\n\n\n<p class=\"has-text-align-left\">Fach\u00e4rztin f\u00fcr Allgemeinmedizin <\/p>\n\n\n<a class=\"standard-btn small-btn\" href=\"http:\/\/hausaerzteinburtscheid.de\/?page_id=85\"><span>mehr erfahren<\/span><\/a>\n\n\n\n<div style=\"height:40px\" aria-hidden=\"true\" class=\"wp-block-spacer\"><\/div>\n\n\n<div class=\"wp-block-image is-resized\">\n<figure class=\"alignleft\"><img loading=\"lazy\" decoding=\"async\" width=\"1024\" height=\"683\" src=\"http:\/\/hausaerzteinburtscheid.de\/wp-content\/uploads\/2019\/11\/IMG_5596-Bearbeitet-1024x683.jpg\" alt=\"\" class=\"wp-image-97\" style=\"width:534px;height:auto\" srcset=\"https:\/\/hausaerzteinburtscheid.de\/wp-content\/uploads\/2019\/11\/IMG_5596-Bearbeitet-1024x683.jpg 1024w, https:\/\/hausaerzteinburtscheid.de\/wp-content\/uploads\/2019\/11\/IMG_5596-Bearbeitet-300x200.jpg 300w, https:\/\/hausaerzteinburtscheid.de\/wp-content\/uploads\/2019\/11\/IMG_5596-Bearbeitet-768x512.jpg 768w, https:\/\/hausaerzteinburtscheid.de\/wp-content\/uploads\/2019\/11\/IMG_5596-Bearbeitet-1035x690.jpg 1035w\" sizes=\"auto, (max-width: 1024px) 100vw, 1024px\" \/><\/figure>\n<\/div>\n\n\n<h1 class=\"wp-block-heading\" id=\"florian-matthias-schierp\">Florian Matthias Schierp <\/h1>\n\n\n\n<p>Facharzt f\u00fcr Innere Medizin <\/p>\n\n\n<a class=\"standard-btn small-btn\" href=\"http:\/\/hausaerzteinburtscheid.de\/?page_id=92\"><span>mehr erfahren<\/span><\/a>\n\n\n\n<div style=\"height:40px\" aria-hidden=\"true\" class=\"wp-block-spacer\"><\/div>\n\n\n<div class=\"wp-block-image is-resized\">\n<figure class=\"alignleft size-large\"><img loading=\"lazy\" decoding=\"async\" width=\"1024\" height=\"683\" src=\"http:\/\/hausaerzteinburtscheid.de\/wp-content\/uploads\/2023\/11\/Lina-Nebelung2-1-1024x683.jpg\" alt=\"\" class=\"wp-image-467\" style=\"width:533px;height:auto\" srcset=\"https:\/\/hausaerzteinburtscheid.de\/wp-content\/uploads\/2023\/11\/Lina-Nebelung2-1-1024x683.jpg 1024w, https:\/\/hausaerzteinburtscheid.de\/wp-content\/uploads\/2023\/11\/Lina-Nebelung2-1-300x200.jpg 300w, https:\/\/hausaerzteinburtscheid.de\/wp-content\/uploads\/2023\/11\/Lina-Nebelung2-1-768x512.jpg 768w, https:\/\/hausaerzteinburtscheid.de\/wp-content\/uploads\/2023\/11\/Lina-Nebelung2-1-1536x1024.jpg 1536w, https:\/\/hausaerzteinburtscheid.de\/wp-content\/uploads\/2023\/11\/Lina-Nebelung2-1-2048x1366.jpg 2048w, https:\/\/hausaerzteinburtscheid.de\/wp-content\/uploads\/2023\/11\/Lina-Nebelung2-1-1035x690.jpg 1035w\" sizes=\"auto, (max-width: 1024px) 100vw, 1024px\" \/><\/figure>\n<\/div>\n\n\n<h1 class=\"wp-block-heading\" id=\"florian-matthias-schierp\">Lina Nebelung <\/h1>\n\n\n\n<p>Fach\u00e4rztin f\u00fcr Innere Medizin (angestellte \u00c4rztin)<\/p>\n\n\n<a class=\"standard-btn small-btn\" href=\"http:\/\/hausaerzteinburtscheid.de\/?page_id=461\"><span>mehr erfahren<\/span><\/a>\n\n\n\n<div style=\"height:40px\" aria-hidden=\"true\" class=\"wp-block-spacer\"><\/div>\n\n\n\n<div class=\"wp-block-media-text alignwide has-media-on-the-right\" style=\"grid-template-columns:auto 57%\"><div class=\"wp-block-media-text__content\">\n<h1 class=\"wp-block-heading has-text-align-right\" id=\"stefanie-aretz-coopmans\"><strong>Stefanie Aretz-Coopma<\/strong>ns&nbsp;<\/h1>\n\n\n\n<p class=\"has-text-align-right\">&nbsp;medizinische&nbsp;Fachangestellte&nbsp;<\/p>\n<\/div><figure class=\"wp-block-media-text__media\"><img loading=\"lazy\" decoding=\"async\" width=\"1024\" height=\"1024\" src=\"http:\/\/hausaerzteinburtscheid.de\/wp-content\/uploads\/2019\/11\/IMG_5582-Bearbeitet-1024x1024.jpg\" alt=\"\" class=\"wp-image-113 size-full\" srcset=\"https:\/\/hausaerzteinburtscheid.de\/wp-content\/uploads\/2019\/11\/IMG_5582-Bearbeitet-1024x1024.jpg 1024w, https:\/\/hausaerzteinburtscheid.de\/wp-content\/uploads\/2019\/11\/IMG_5582-Bearbeitet-150x150.jpg 150w, https:\/\/hausaerzteinburtscheid.de\/wp-content\/uploads\/2019\/11\/IMG_5582-Bearbeitet-300x300.jpg 300w, https:\/\/hausaerzteinburtscheid.de\/wp-content\/uploads\/2019\/11\/IMG_5582-Bearbeitet-768x768.jpg 768w, https:\/\/hausaerzteinburtscheid.de\/wp-content\/uploads\/2019\/11\/IMG_5582-Bearbeitet-690x690.jpg 690w\" sizes=\"auto, (max-width: 1024px) 100vw, 1024px\" \/><\/figure><\/div>\n\n\n\n<div style=\"height:58px\" aria-hidden=\"true\" class=\"wp-block-spacer\"><\/div>\n\n\n\n<div class=\"wp-block-media-text alignwide has-media-on-the-right\" style=\"grid-template-columns:auto 57%\"><div class=\"wp-block-media-text__content\">\n<h1 class=\"wp-block-heading has-text-align-right\" id=\"svenja-holz\"><strong>Svenja Holz<\/strong><\/h1>\n\n\n\n<p class=\"has-text-align-right\">&nbsp;medizinische&nbsp;Fachangestellte&nbsp;<\/p>\n<\/div><figure class=\"wp-block-media-text__media\"><img loading=\"lazy\" decoding=\"async\" width=\"1024\" height=\"1024\" src=\"http:\/\/hausaerzteinburtscheid.de\/wp-content\/uploads\/2019\/11\/IMG_5579-Bearbeitet-1024x1024.jpg\" alt=\"\" class=\"wp-image-112 size-full\" srcset=\"https:\/\/hausaerzteinburtscheid.de\/wp-content\/uploads\/2019\/11\/IMG_5579-Bearbeitet-1024x1024.jpg 1024w, https:\/\/hausaerzteinburtscheid.de\/wp-content\/uploads\/2019\/11\/IMG_5579-Bearbeitet-150x150.jpg 150w, https:\/\/hausaerzteinburtscheid.de\/wp-content\/uploads\/2019\/11\/IMG_5579-Bearbeitet-300x300.jpg 300w, https:\/\/hausaerzteinburtscheid.de\/wp-content\/uploads\/2019\/11\/IMG_5579-Bearbeitet-768x768.jpg 768w, https:\/\/hausaerzteinburtscheid.de\/wp-content\/uploads\/2019\/11\/IMG_5579-Bearbeitet-690x690.jpg 690w\" sizes=\"auto, (max-width: 1024px) 100vw, 1024px\" \/><\/figure><\/div>\n\n\n\n<div style=\"height:58px\" aria-hidden=\"true\" class=\"wp-block-spacer\"><\/div>\n\n\n\n<div class=\"wp-block-media-text alignwide has-media-on-the-right\" style=\"grid-template-columns:auto 57%\"><div class=\"wp-block-media-text__content\">\n<h1 class=\"wp-block-heading has-text-align-right\" id=\"vanessa-olesch\"><strong>Vanessa Schwedler<\/strong><\/h1>\n\n\n\n<p class=\"has-text-align-right\">medizinische&nbsp;Fachangestellte<\/p>\n<\/div><figure class=\"wp-block-media-text__media\"><img loading=\"lazy\" decoding=\"async\" width=\"1024\" height=\"1024\" src=\"http:\/\/hausaerzteinburtscheid.de\/wp-content\/uploads\/2019\/11\/IMG_5592-Bearbeitet-1-1024x1024.jpg\" alt=\"\" class=\"wp-image-253 size-full\" srcset=\"https:\/\/hausaerzteinburtscheid.de\/wp-content\/uploads\/2019\/11\/IMG_5592-Bearbeitet-1-1024x1024.jpg 1024w, https:\/\/hausaerzteinburtscheid.de\/wp-content\/uploads\/2019\/11\/IMG_5592-Bearbeitet-1-150x150.jpg 150w, https:\/\/hausaerzteinburtscheid.de\/wp-content\/uploads\/2019\/11\/IMG_5592-Bearbeitet-1-300x300.jpg 300w, https:\/\/hausaerzteinburtscheid.de\/wp-content\/uploads\/2019\/11\/IMG_5592-Bearbeitet-1-768x768.jpg 768w, https:\/\/hausaerzteinburtscheid.de\/wp-content\/uploads\/2019\/11\/IMG_5592-Bearbeitet-1-690x690.jpg 690w\" sizes=\"auto, (max-width: 1024px) 100vw, 1024px\" \/><\/figure><\/div>\n\n\n\n<div style=\"height:58px\" aria-hidden=\"true\" class=\"wp-block-spacer\"><\/div>\n\n\n\n<div class=\"wp-block-media-text alignwide has-media-on-the-right\" style=\"grid-template-columns:auto 57%\"><div class=\"wp-block-media-text__content\">\n<h1 class=\"wp-block-heading has-text-align-right\" id=\"vanessa-olesch\">Ana Maria Heinrich<\/h1>\n\n\n\n<p class=\"has-text-align-right\">medizinische&nbsp;Fachangestellte<\/p>\n<\/div><figure class=\"wp-block-media-text__media\"><img loading=\"lazy\" decoding=\"async\" width=\"1024\" height=\"1024\" src=\"https:\/\/hausaerzteinburtscheid.de\/wp-content\/uploads\/2025\/12\/Ana-Maria-1-1024x1024.jpg\" alt=\"\" class=\"wp-image-519 size-full\" srcset=\"https:\/\/hausaerzteinburtscheid.de\/wp-content\/uploads\/2025\/12\/Ana-Maria-1-1024x1024.jpg 1024w, https:\/\/hausaerzteinburtscheid.de\/wp-content\/uploads\/2025\/12\/Ana-Maria-1-300x300.jpg 300w, https:\/\/hausaerzteinburtscheid.de\/wp-content\/uploads\/2025\/12\/Ana-Maria-1-150x150.jpg 150w, https:\/\/hausaerzteinburtscheid.de\/wp-content\/uploads\/2025\/12\/Ana-Maria-1-768x768.jpg 768w, https:\/\/hausaerzteinburtscheid.de\/wp-content\/uploads\/2025\/12\/Ana-Maria-1-1536x1536.jpg 1536w, https:\/\/hausaerzteinburtscheid.de\/wp-content\/uploads\/2025\/12\/Ana-Maria-1-2048x2048.jpg 2048w, https:\/\/hausaerzteinburtscheid.de\/wp-content\/uploads\/2025\/12\/Ana-Maria-1-690x690.jpg 690w\" sizes=\"auto, (max-width: 1024px) 100vw, 1024px\" \/><\/figure><\/div>\n\n\n\n<div style=\"height:58px\" aria-hidden=\"true\" class=\"wp-block-spacer\"><\/div>\n\n\n\n<div class=\"wp-block-media-text alignwide has-media-on-the-right\" style=\"grid-template-columns:auto 57%\"><div class=\"wp-block-media-text__content\">\n<h1 class=\"wp-block-heading has-text-align-right\" id=\"vanessa-olesch\">Celina-Tabea Mischok<\/h1>\n\n\n\n<p class=\"has-text-align-right\">medizinische&nbsp;Fachangestellte<\/p>\n<\/div><figure class=\"wp-block-media-text__media\"><img loading=\"lazy\" decoding=\"async\" width=\"1024\" height=\"1024\" src=\"https:\/\/hausaerzteinburtscheid.de\/wp-content\/uploads\/2025\/12\/Celina-1024x1024.jpg\" alt=\"\" class=\"wp-image-520 size-full\" srcset=\"https:\/\/hausaerzteinburtscheid.de\/wp-content\/uploads\/2025\/12\/Celina-1024x1024.jpg 1024w, https:\/\/hausaerzteinburtscheid.de\/wp-content\/uploads\/2025\/12\/Celina-300x300.jpg 300w, https:\/\/hausaerzteinburtscheid.de\/wp-content\/uploads\/2025\/12\/Celina-150x150.jpg 150w, https:\/\/hausaerzteinburtscheid.de\/wp-content\/uploads\/2025\/12\/Celina-768x768.jpg 768w, https:\/\/hausaerzteinburtscheid.de\/wp-content\/uploads\/2025\/12\/Celina-1536x1536.jpg 1536w, https:\/\/hausaerzteinburtscheid.de\/wp-content\/uploads\/2025\/12\/Celina-2048x2048.jpg 2048w, https:\/\/hausaerzteinburtscheid.de\/wp-content\/uploads\/2025\/12\/Celina-690x690.jpg 690w\" sizes=\"auto, (max-width: 1024px) 100vw, 1024px\" \/><\/figure><\/div>\n\n\n\n<div style=\"height:58px\" aria-hidden=\"true\" class=\"wp-block-spacer\"><\/div>\n\n\n\n<div class=\"wp-block-media-text alignwide has-media-on-the-right\" style=\"grid-template-columns:auto 57%\"><div class=\"wp-block-media-text__content\">\n<h1 class=\"wp-block-heading has-text-align-right\" id=\"vanessa-olesch\">Anne Pohl<\/h1>\n\n\n\n<p class=\"has-text-align-right\">medizinische Verwaltungsangestellte<\/p>\n<\/div><figure class=\"wp-block-media-text__media\"><img loading=\"lazy\" decoding=\"async\" width=\"1024\" height=\"1024\" src=\"https:\/\/hausaerzteinburtscheid.de\/wp-content\/uploads\/2025\/12\/Anne-1024x1024.jpg\" alt=\"\" class=\"wp-image-521 size-full\" srcset=\"https:\/\/hausaerzteinburtscheid.de\/wp-content\/uploads\/2025\/12\/Anne-1024x1024.jpg 1024w, https:\/\/hausaerzteinburtscheid.de\/wp-content\/uploads\/2025\/12\/Anne-300x300.jpg 300w, https:\/\/hausaerzteinburtscheid.de\/wp-content\/uploads\/2025\/12\/Anne-150x150.jpg 150w, https:\/\/hausaerzteinburtscheid.de\/wp-content\/uploads\/2025\/12\/Anne-768x768.jpg 768w, https:\/\/hausaerzteinburtscheid.de\/wp-content\/uploads\/2025\/12\/Anne-1536x1536.jpg 1536w, https:\/\/hausaerzteinburtscheid.de\/wp-content\/uploads\/2025\/12\/Anne-2048x2048.jpg 2048w, https:\/\/hausaerzteinburtscheid.de\/wp-content\/uploads\/2025\/12\/Anne-690x690.jpg 690w\" sizes=\"auto, (max-width: 1024px) 100vw, 1024px\" \/><\/figure><\/div>\n\n\n\n<div style=\"height:58px\" aria-hidden=\"true\" class=\"wp-block-spacer\"><\/div>\n\n\n\n<div class=\"wp-block-media-text alignwide has-media-on-the-right\" style=\"grid-template-columns:auto 57%\"><div class=\"wp-block-media-text__content\">\n<h1 class=\"wp-block-heading has-text-align-right\" id=\"vanessa-olesch\">Luca Schnitzler<\/h1>\n\n\n\n<p class=\"has-text-align-right\">Auszubildender<\/p>\n<\/div><figure class=\"wp-block-media-text__media\"><img loading=\"lazy\" decoding=\"async\" width=\"1024\" height=\"1024\" src=\"https:\/\/hausaerzteinburtscheid.de\/wp-content\/uploads\/2025\/12\/Luca-1024x1024.jpg\" alt=\"\" class=\"wp-image-522 size-full\" srcset=\"https:\/\/hausaerzteinburtscheid.de\/wp-content\/uploads\/2025\/12\/Luca-1024x1024.jpg 1024w, https:\/\/hausaerzteinburtscheid.de\/wp-content\/uploads\/2025\/12\/Luca-300x300.jpg 300w, https:\/\/hausaerzteinburtscheid.de\/wp-content\/uploads\/2025\/12\/Luca-150x150.jpg 150w, https:\/\/hausaerzteinburtscheid.de\/wp-content\/uploads\/2025\/12\/Luca-768x768.jpg 768w, https:\/\/hausaerzteinburtscheid.de\/wp-content\/uploads\/2025\/12\/Luca-1536x1536.jpg 1536w, https:\/\/hausaerzteinburtscheid.de\/wp-content\/uploads\/2025\/12\/Luca-690x690.jpg 690w, https:\/\/hausaerzteinburtscheid.de\/wp-content\/uploads\/2025\/12\/Luca.jpg 2000w\" sizes=\"auto, (max-width: 1024px) 100vw, 1024px\" \/><\/figure><\/div>\n\n\n\n<div style=\"height:58px\" aria-hidden=\"true\" class=\"wp-block-spacer\"><\/div>\n\n\n\n<div style=\"height:58px\" aria-hidden=\"true\" class=\"wp-block-spacer\"><\/div>\n","protected":false},"excerpt":{"rendered":"<p>Anna Katharina Weghmann-Laschet Fach\u00e4rztin f\u00fcr Allgemeinmedizin Florian Matthias Schierp Facharzt f\u00fcr Innere Medizin Lina Nebelung Fach\u00e4rztin f\u00fcr Innere Medizin (angestellte \u00c4rztin) Stefanie Aretz-Coopmans&nbsp;&hellip;<\/p>\n","protected":false},"author":1,"featured_media":164,"parent":0,"menu_order":2,"comment_status":"closed","ping_status":"closed","template":"page-templates\/full-width.php","meta":{"footnotes":""},"class_list":["post-14","page","type-page","status-publish","has-post-thumbnail","hentry"],"_links":{"self":[{"href":"https:\/\/hausaerzteinburtscheid.de\/index.php?rest_route=\/wp\/v2\/pages\/14","targetHints":{"allow":["GET"]}}],"collection":[{"href":"https:\/\/hausaerzteinburtscheid.de\/index.php?rest_route=\/wp\/v2\/pages"}],"about":[{"href":"https:\/\/hausaerzteinburtscheid.de\/index.php?rest_route=\/wp\/v2\/types\/page"}],"author":[{"embeddable":true,"href":"https:\/\/hausaerzteinburtscheid.de\/index.php?rest_route=\/wp\/v2\/users\/1"}],"replies":[{"embeddable":true,"href":"https:\/\/hausaerzteinburtscheid.de\/index.php?rest_route=%2Fwp%2Fv2%2Fcomments&post=14"}],"version-history":[{"count":80,"href":"https:\/\/hausaerzteinburtscheid.de\/index.php?rest_route=\/wp\/v2\/pages\/14\/revisions"}],"predecessor-version":[{"id":523,"href":"https:\/\/hausaerzteinburtscheid.de\/index.php?rest_route=\/wp\/v2\/pages\/14\/revisions\/523"}],"wp:featuredmedia":[{"embeddable":true,"href":"https:\/\/hausaerzteinburtscheid.de\/index.php?rest_route=\/wp\/v2\/media\/164"}],"wp:attachment":[{"href":"https:\/\/hausaerzteinburtscheid.de\/index.php?rest_route=%2Fwp%2Fv2%2Fmedia&parent=14"}],"curies":[{"name":"wp","href":"https:\/\/api.w.org\/{rel}","templated":true}]}}