{"id":11,"date":"2019-11-02T13:48:19","date_gmt":"2019-11-02T13:48:19","guid":{"rendered":"http:\/\/hausaerzteinburtscheid.de\/?page_id=11"},"modified":"2023-11-24T13:52:36","modified_gmt":"2023-11-24T13:52:36","slug":"home","status":"publish","type":"page","link":"https:\/\/hausaerzteinburtscheid.de\/","title":{"rendered":"HOME"},"content":{"rendered":"<p><a class=\"termin\" href=\"https:\/\/www.doctolib.de\/gemeinschaftspraxis\/aachen\/hausaerzte-in-burtscheid-weghmann-schierp?utm_campaign=website-button&amp;utm_source=hausaerzte-in-burtscheid-weghmann-schierp-website-button&amp;utm_medium=referral&amp;utm_content=option-8&amp;utm_term=hausaerzte-in-burtscheid-weghmann-schierp\" style=\"position:fixed; top:170px; z-index: 10000000; right:0; display:block;text-align:center;opacity: 1; \n\nbackground-color:#a6c838;\ncolor:#ffffff;\nfont-size:20px;\nline-height: 24px;\noverflow:hidden;\nwidth:100px;\nborder-radius:0px 0 0 0px;\ntext-decoration:none;\npadding: 10px;\nrel=\" noopener=\"\" noreferrer\"=\"\" target=\"_blank\"><\/p>\n<p>Termin<br \/>online buchen<\/a><\/p>\n\n\n\n<h2 class=\"wp-block-heading h2 {color: #00354c}\">Ihre Gesundheit liegt uns am Herzen!<\/h2>\n\n\n\n<p class=\"has-text-color\" style=\"color:#00354c\">Willkommen in der Praxis Weghmann-Laschet und Schierp. Wir bieten Ihnen das volle Spektrum der haus\u00e4rztlichen und internistischen Versorgung. Ob im Rahmen der Akutversorgung, Vorsorge, Beratung und Pr\u00e4vention, wir sind gerne f\u00fcr Sie da.<\/p>\n\n\n\n<div style=\"height:20px\" aria-hidden=\"true\" class=\"wp-block-spacer\"><\/div>\n\n\n\n<h5 class=\"wp-block-heading h5 {color: #00354c;}\"><strong>\u00d6FFNUNGSZEITEN<\/strong><\/h5>\n\n\n<div style=\"overflow-x: auto; max-width: 100%;\">\n<table>\n<tbody>\n<tr>\n<td>Montag<\/td>\n<td>Dienstag<\/td>\n<td>Mittwoch<\/td>\n<td>Donnerstag<\/td>\n<td>Freitag<\/td>\n<\/tr>\n<tr>\n<td>09:00 &#8211; 12:30<br \/>15:00 &#8211; 17:30<\/td>\n<td>09:00 &#8211; 12:30<br \/>15:00 &#8211; 16:30<\/td>\n<td>09:00 &#8211; 12:30<\/td>\n<td>09:00 &#8211; 12:30<br \/>15:00 &#8211; 17:30<\/td>\n<td>09:00 &#8211; 12:30<\/td>\n<\/tr>\n<\/tbody>\n<\/table>\n<\/div>\n\n\n\n<div style=\"height:0px\" aria-hidden=\"true\" class=\"wp-block-spacer\"><\/div>\n\n\n\n<p class=\"has-text-color\" style=\"color:#00354c\">Infektsprechstunde t\u00e4glich von 12:00 &#8211; 13:00 Uhr <\/p>\n\n\n\n<div style=\"height:30px\" aria-hidden=\"true\" class=\"wp-block-spacer\"><\/div>\n\n\n\n<div class=\"wp-block-columns has-2-columns is-layout-flex wp-container-core-columns-is-layout-9d6595d7 wp-block-columns-is-layout-flex\">\n<div class=\"wp-block-column is-layout-flow wp-block-column-is-layout-flow\" style=\"flex-basis:50%\">\n<div class=\"wp-block-media-text alignwide\" style=\"grid-template-columns:15% auto\"><figure class=\"wp-block-media-text__media\"><img loading=\"lazy\" decoding=\"async\" width=\"1024\" height=\"1024\" src=\"http:\/\/hausaerzteinburtscheid.de\/wp-content\/uploads\/2019\/11\/tele-1024x1024.png\" alt=\"\" class=\"wp-image-223 size-full\" srcset=\"https:\/\/hausaerzteinburtscheid.de\/wp-content\/uploads\/2019\/11\/tele-1024x1024.png 1024w, https:\/\/hausaerzteinburtscheid.de\/wp-content\/uploads\/2019\/11\/tele-150x150.png 150w, https:\/\/hausaerzteinburtscheid.de\/wp-content\/uploads\/2019\/11\/tele-300x300.png 300w, https:\/\/hausaerzteinburtscheid.de\/wp-content\/uploads\/2019\/11\/tele-768x768.png 768w, https:\/\/hausaerzteinburtscheid.de\/wp-content\/uploads\/2019\/11\/tele-690x690.png 690w\" sizes=\"auto, (max-width: 1024px) 100vw, 1024px\" \/><\/figure><div class=\"wp-block-media-text__content\">\n<p> 0241 67833<\/p>\n<\/div><\/div>\n\n\n\n<div style=\"height:29px\" aria-hidden=\"true\" class=\"wp-block-spacer\"><\/div>\n\n\n\n<div class=\"wp-block-media-text alignwide\" style=\"grid-template-columns:16% auto\"><figure class=\"wp-block-media-text__media\"><img loading=\"lazy\" decoding=\"async\" width=\"1024\" height=\"1024\" src=\"http:\/\/hausaerzteinburtscheid.de\/wp-content\/uploads\/2019\/11\/adresse-2-1024x1024.png\" alt=\"\" class=\"wp-image-229 size-full\" srcset=\"https:\/\/hausaerzteinburtscheid.de\/wp-content\/uploads\/2019\/11\/adresse-2-1024x1024.png 1024w, https:\/\/hausaerzteinburtscheid.de\/wp-content\/uploads\/2019\/11\/adresse-2-150x150.png 150w, https:\/\/hausaerzteinburtscheid.de\/wp-content\/uploads\/2019\/11\/adresse-2-300x300.png 300w, https:\/\/hausaerzteinburtscheid.de\/wp-content\/uploads\/2019\/11\/adresse-2-768x768.png 768w, https:\/\/hausaerzteinburtscheid.de\/wp-content\/uploads\/2019\/11\/adresse-2-690x690.png 690w\" sizes=\"auto, (max-width: 1024px) 100vw, 1024px\" \/><\/figure><div class=\"wp-block-media-text__content\">\n<p>Kapellenstr. 16-18, 52066 Aachen (Eingang&nbsp;\u00fcber die Fu\u00dfg\u00e4ngerzone&nbsp;direkt&nbsp;\u00fcber dem&nbsp;EDKA oder \u00fcber&nbsp;die&nbsp;Passage)<\/p>\n<\/div><\/div>\n\n\n\n<div style=\"height:29px\" aria-hidden=\"true\" class=\"wp-block-spacer\"><\/div>\n\n\n\n<div class=\"wp-block-media-text alignwide\" style=\"grid-template-columns:16% auto\"><figure class=\"wp-block-media-text__media\"><img loading=\"lazy\" decoding=\"async\" width=\"1024\" height=\"1024\" src=\"http:\/\/hausaerzteinburtscheid.de\/wp-content\/uploads\/2019\/11\/fax-1-1024x1024.png\" alt=\"\" class=\"wp-image-239 size-full\" srcset=\"https:\/\/hausaerzteinburtscheid.de\/wp-content\/uploads\/2019\/11\/fax-1-1024x1024.png 1024w, https:\/\/hausaerzteinburtscheid.de\/wp-content\/uploads\/2019\/11\/fax-1-150x150.png 150w, https:\/\/hausaerzteinburtscheid.de\/wp-content\/uploads\/2019\/11\/fax-1-300x300.png 300w, https:\/\/hausaerzteinburtscheid.de\/wp-content\/uploads\/2019\/11\/fax-1-768x768.png 768w, https:\/\/hausaerzteinburtscheid.de\/wp-content\/uploads\/2019\/11\/fax-1-690x690.png 690w\" sizes=\"auto, (max-width: 1024px) 100vw, 1024px\" \/><\/figure><div class=\"wp-block-media-text__content\">\n<p>0241 65679<\/p>\n<\/div><\/div>\n<\/div>\n\n\n\n<div class=\"wp-block-column is-layout-flow wp-block-column-is-layout-flow\" style=\"flex-basis:50%\"><\/div>\n<\/div>\n","protected":false},"excerpt":{"rendered":"<p>Ihre Gesundheit liegt uns am Herzen! Willkommen in der Praxis Weghmann-Laschet und Schierp. Wir bieten Ihnen das volle Spektrum der haus\u00e4rztlichen und internistischen&hellip;<\/p>\n","protected":false},"author":1,"featured_media":175,"parent":0,"menu_order":1,"comment_status":"closed","ping_status":"closed","template":"page-templates\/full-width.php","meta":{"footnotes":""},"class_list":["post-11","page","type-page","status-publish","has-post-thumbnail","hentry"],"_links":{"self":[{"href":"https:\/\/hausaerzteinburtscheid.de\/index.php?rest_route=\/wp\/v2\/pages\/11","targetHints":{"allow":["GET"]}}],"collection":[{"href":"https:\/\/hausaerzteinburtscheid.de\/index.php?rest_route=\/wp\/v2\/pages"}],"about":[{"href":"https:\/\/hausaerzteinburtscheid.de\/index.php?rest_route=\/wp\/v2\/types\/page"}],"author":[{"embeddable":true,"href":"https:\/\/hausaerzteinburtscheid.de\/index.php?rest_route=\/wp\/v2\/users\/1"}],"replies":[{"embeddable":true,"href":"https:\/\/hausaerzteinburtscheid.de\/index.php?rest_route=%2Fwp%2Fv2%2Fcomments&post=11"}],"version-history":[{"count":114,"href":"https:\/\/hausaerzteinburtscheid.de\/index.php?rest_route=\/wp\/v2\/pages\/11\/revisions"}],"predecessor-version":[{"id":489,"href":"https:\/\/hausaerzteinburtscheid.de\/index.php?rest_route=\/wp\/v2\/pages\/11\/revisions\/489"}],"wp:featuredmedia":[{"embeddable":true,"href":"https:\/\/hausaerzteinburtscheid.de\/index.php?rest_route=\/wp\/v2\/media\/175"}],"wp:attachment":[{"href":"https:\/\/hausaerzteinburtscheid.de\/index.php?rest_route=%2Fwp%2Fv2%2Fmedia&parent=11"}],"curies":[{"name":"wp","href":"https:\/\/api.w.org\/{rel}","templated":true}]}}